{"id":1235,"date":"2024-03-29T12:18:26","date_gmt":"2024-03-29T11:18:26","guid":{"rendered":"https:\/\/mingbac.com.voolf.webd.pro\/?page_id=1235"},"modified":"2024-03-29T12:42:41","modified_gmt":"2024-03-29T11:42:41","slug":"hot-fix-applications","status":"publish","type":"page","link":"https:\/\/mingbac.com\/pl\/hot-fix-applications\/","title":{"rendered":"Aplikacje termoprzylepne"},"content":{"rendered":"<div data-elementor-type=\"wp-page\" data-elementor-id=\"1235\" class=\"elementor elementor-1235\">\n\t\t\t\t<div class=\"elementor-element elementor-element-2032cb7 e-flex e-con-boxed e-con e-parent\" data-id=\"2032cb7\" data-element_type=\"container\" data-e-type=\"container\">\n\t\t\t\t\t<div class=\"e-con-inner\">\n\t\t\t\t<div class=\"elementor-element elementor-element-f20a712 elementor-widget elementor-widget-heading\" data-id=\"f20a712\" data-element_type=\"widget\" data-e-type=\"widget\" data-widget_type=\"heading.default\">\n\t\t\t\t<div class=\"elementor-widget-container\">\n\t\t\t\t\t<h2 class=\"elementor-heading-title elementor-size-default\">Aplikacje termoprzylepne<\/h2>\t\t\t\t<\/div>\n\t\t\t\t<\/div>\n\t\t\t\t\t<\/div>\n\t\t\t\t<\/div>\n\t\t<div class=\"elementor-element elementor-element-7d02fd9 e-flex e-con-boxed e-con e-parent\" data-id=\"7d02fd9\" data-element_type=\"container\" data-e-type=\"container\">\n\t\t\t\t\t<div class=\"e-con-inner\">\n\t\t\t\t<div class=\"elementor-element elementor-element-ffa9c9c elementor-widget elementor-widget-heading\" data-id=\"ffa9c9c\" data-element_type=\"widget\" data-e-type=\"widget\" data-widget_type=\"heading.default\">\n\t\t\t\t<div class=\"elementor-widget-container\">\n\t\t\t\t\t<h4 class=\"elementor-heading-title elementor-size-default\">Dostarczymy dekoracj\u0119 Twoich marze\u0144 w wersji hot-fix<\/h4>\t\t\t\t<\/div>\n\t\t\t\t<\/div>\n\t\t\t\t<div class=\"elementor-element elementor-element-3969254 elementor-widget elementor-widget-text-editor\" data-id=\"3969254\" data-element_type=\"widget\" data-e-type=\"widget\" data-widget_type=\"text-editor.default\">\n\t\t\t\t<div class=\"elementor-widget-container\">\n\t\t\t\t\t\t\t\t\t<p>Jeste\u015bmy w stanie importowa\u0107 lub produkowa\u0107 na zam\u00f3wienie wiele r\u00f3\u017cnych typ\u00f3w ozd\u00f3b na gor\u0105co: haftowanych, bi\u017cuteryjnych, z cekinami, kamieniami, kryszta\u0142kami itp. Mamy dost\u0119p do najnowszych trend\u00f3w rynkowych i najpopularniejszych wzor\u00f3w na ca\u0142ym \u015bwiecie.<\/p>\t\t\t\t\t\t\t\t<\/div>\n\t\t\t\t<\/div>\n\t\t\t\t\t<\/div>\n\t\t\t\t<\/div>\n\t\t<div class=\"elementor-element elementor-element-51babd5 e-flex e-con-boxed e-con e-parent\" data-id=\"51babd5\" data-element_type=\"container\" data-e-type=\"container\">\n\t\t\t\t\t<div class=\"e-con-inner\">\n\t\t<div class=\"elementor-element elementor-element-aadd80a e-con-full e-flex e-con e-child\" data-id=\"aadd80a\" data-element_type=\"container\" data-e-type=\"container\">\n\t\t\t\t<div class=\"elementor-element elementor-element-d07d53d elementor-widget elementor-widget-image\" data-id=\"d07d53d\" data-element_type=\"widget\" data-e-type=\"widget\" data-widget_type=\"image.default\">\n\t\t\t\t<div class=\"elementor-widget-container\">\n\t\t\t\t\t\t\t\t\t\t\t\t\t\t\t<img fetchpriority=\"high\" decoding=\"async\" width=\"800\" height=\"800\" src=\"https:\/\/mingbac.com\/wp-content\/uploads\/hot_fix_application_005.jpg\" class=\"attachment-large size-large wp-image-1252\" alt=\"\" srcset=\"https:\/\/mingbac.com\/wp-content\/uploads\/hot_fix_application_005.jpg 800w, https:\/\/mingbac.com\/wp-content\/uploads\/hot_fix_application_005-300x300.jpg 300w, https:\/\/mingbac.com\/wp-content\/uploads\/hot_fix_application_005-150x150.jpg 150w, https:\/\/mingbac.com\/wp-content\/uploads\/hot_fix_application_005-768x768.jpg 768w, https:\/\/mingbac.com\/wp-content\/uploads\/hot_fix_application_005-12x12.jpg 12w\" sizes=\"(max-width: 800px) 100vw, 800px\" \/>\t\t\t\t\t\t\t\t\t\t\t\t\t\t\t<\/div>\n\t\t\t\t<\/div>\n\t\t\t\t<\/div>\n\t\t<div class=\"elementor-element elementor-element-4c33476 e-con-full e-flex e-con e-child\" data-id=\"4c33476\" data-element_type=\"container\" data-e-type=\"container\">\n\t\t\t\t<div class=\"elementor-element elementor-element-7789ad4 elementor-widget elementor-widget-image\" data-id=\"7789ad4\" data-element_type=\"widget\" data-e-type=\"widget\" data-widget_type=\"image.default\">\n\t\t\t\t<div class=\"elementor-widget-container\">\n\t\t\t\t\t\t\t\t\t\t\t\t\t\t\t<img decoding=\"async\" width=\"800\" height=\"800\" src=\"https:\/\/mingbac.com\/wp-content\/uploads\/hot_fix_application_002.jpg\" class=\"attachment-large size-large wp-image-1243\" alt=\"\" srcset=\"https:\/\/mingbac.com\/wp-content\/uploads\/hot_fix_application_002.jpg 800w, https:\/\/mingbac.com\/wp-content\/uploads\/hot_fix_application_002-300x300.jpg 300w, https:\/\/mingbac.com\/wp-content\/uploads\/hot_fix_application_002-150x150.jpg 150w, https:\/\/mingbac.com\/wp-content\/uploads\/hot_fix_application_002-768x768.jpg 768w, https:\/\/mingbac.com\/wp-content\/uploads\/hot_fix_application_002-12x12.jpg 12w\" sizes=\"(max-width: 800px) 100vw, 800px\" \/>\t\t\t\t\t\t\t\t\t\t\t\t\t\t\t<\/div>\n\t\t\t\t<\/div>\n\t\t\t\t<\/div>\n\t\t<div class=\"elementor-element elementor-element-11dc5de e-con-full e-flex e-con e-child\" data-id=\"11dc5de\" data-element_type=\"container\" data-e-type=\"container\">\n\t\t\t\t<div class=\"elementor-element elementor-element-97878e0 elementor-widget elementor-widget-image\" data-id=\"97878e0\" data-element_type=\"widget\" data-e-type=\"widget\" data-widget_type=\"image.default\">\n\t\t\t\t<div class=\"elementor-widget-container\">\n\t\t\t\t\t\t\t\t\t\t\t\t\t\t\t<img decoding=\"async\" width=\"600\" height=\"600\" src=\"https:\/\/mingbac.com\/wp-content\/uploads\/hot_fix_application_003.jpg\" class=\"attachment-large size-large wp-image-1247\" alt=\"\" srcset=\"https:\/\/mingbac.com\/wp-content\/uploads\/hot_fix_application_003.jpg 600w, https:\/\/mingbac.com\/wp-content\/uploads\/hot_fix_application_003-300x300.jpg 300w, https:\/\/mingbac.com\/wp-content\/uploads\/hot_fix_application_003-150x150.jpg 150w, https:\/\/mingbac.com\/wp-content\/uploads\/hot_fix_application_003-12x12.jpg 12w\" sizes=\"(max-width: 600px) 100vw, 600px\" \/>\t\t\t\t\t\t\t\t\t\t\t\t\t\t\t<\/div>\n\t\t\t\t<\/div>\n\t\t\t\t<\/div>\n\t\t<div class=\"elementor-element elementor-element-fcc24d4 e-con-full e-flex e-con e-child\" data-id=\"fcc24d4\" data-element_type=\"container\" data-e-type=\"container\">\n\t\t\t\t<div class=\"elementor-element elementor-element-96c5674 elementor-widget elementor-widget-image\" data-id=\"96c5674\" data-element_type=\"widget\" data-e-type=\"widget\" data-widget_type=\"image.default\">\n\t\t\t\t<div class=\"elementor-widget-container\">\n\t\t\t\t\t\t\t\t\t\t\t\t\t\t\t<img loading=\"lazy\" decoding=\"async\" width=\"600\" height=\"600\" src=\"https:\/\/mingbac.com\/wp-content\/uploads\/hot_fix_application_004.jpg\" class=\"attachment-large size-large wp-image-1248\" alt=\"\" srcset=\"https:\/\/mingbac.com\/wp-content\/uploads\/hot_fix_application_004.jpg 600w, https:\/\/mingbac.com\/wp-content\/uploads\/hot_fix_application_004-300x300.jpg 300w, https:\/\/mingbac.com\/wp-content\/uploads\/hot_fix_application_004-150x150.jpg 150w, https:\/\/mingbac.com\/wp-content\/uploads\/hot_fix_application_004-12x12.jpg 12w\" sizes=\"(max-width: 600px) 100vw, 600px\" \/>\t\t\t\t\t\t\t\t\t\t\t\t\t\t\t<\/div>\n\t\t\t\t<\/div>\n\t\t\t\t<\/div>\n\t\t\t\t\t<\/div>\n\t\t\t\t<\/div>\n\t\t\t\t<\/div>","protected":false},"excerpt":{"rendered":"<p>Hot-Fix Applications We will bring your dream hot-fix decoration We are able to import or produce to order many different types of hot decorations: embroidered, jewelry, with sequins, stones, rhinestones, etc. We have access to the latest market trends and the most popular designs around the world.<\/p>","protected":false},"author":1,"featured_media":0,"parent":0,"menu_order":0,"comment_status":"closed","ping_status":"closed","template":"","meta":{"site-sidebar-layout":"default","site-content-layout":"","ast-site-content-layout":"default","site-content-style":"default","site-sidebar-style":"default","ast-global-header-display":"","ast-banner-title-visibility":"","ast-main-header-display":"","ast-hfb-above-header-display":"","ast-hfb-below-header-display":"","ast-hfb-mobile-header-display":"","site-post-title":"","ast-breadcrumbs-content":"","ast-featured-img":"","footer-sml-layout":"","ast-disable-related-posts":"","theme-transparent-header-meta":"","adv-header-id-meta":"","stick-header-meta":"","header-above-stick-meta":"","header-main-stick-meta":"","header-below-stick-meta":"","astra-migrate-meta-layouts":"default","ast-page-background-enabled":"default","ast-page-background-meta":{"desktop":{"background-color":"","background-image":"","background-repeat":"repeat","background-position":"center center","background-size":"auto","background-attachment":"scroll","background-type":"","background-media":"","overlay-type":"","overlay-color":"","overlay-opacity":"","overlay-gradient":""},"tablet":{"background-color":"","background-image":"","background-repeat":"repeat","background-position":"center center","background-size":"auto","background-attachment":"scroll","background-type":"","background-media":"","overlay-type":"","overlay-color":"","overlay-opacity":"","overlay-gradient":""},"mobile":{"background-color":"","background-image":"","background-repeat":"repeat","background-position":"center center","background-size":"auto","background-attachment":"scroll","background-type":"","background-media":"","overlay-type":"","overlay-color":"","overlay-opacity":"","overlay-gradient":""}},"ast-content-background-meta":{"desktop":{"background-color":"var(--ast-global-color-5)","background-image":"","background-repeat":"repeat","background-position":"center center","background-size":"auto","background-attachment":"scroll","background-type":"","background-media":"","overlay-type":"","overlay-color":"","overlay-opacity":"","overlay-gradient":""},"tablet":{"background-color":"var(--ast-global-color-5)","background-image":"","background-repeat":"repeat","background-position":"center center","background-size":"auto","background-attachment":"scroll","background-type":"","background-media":"","overlay-type":"","overlay-color":"","overlay-opacity":"","overlay-gradient":""},"mobile":{"background-color":"var(--ast-global-color-5)","background-image":"","background-repeat":"repeat","background-position":"center center","background-size":"auto","background-attachment":"scroll","background-type":"","background-media":"","overlay-type":"","overlay-color":"","overlay-opacity":"","overlay-gradient":""}},"footnotes":""},"class_list":["post-1235","page","type-page","status-publish","hentry"],"_links":{"self":[{"href":"https:\/\/mingbac.com\/pl\/wp-json\/wp\/v2\/pages\/1235","targetHints":{"allow":["GET"]}}],"collection":[{"href":"https:\/\/mingbac.com\/pl\/wp-json\/wp\/v2\/pages"}],"about":[{"href":"https:\/\/mingbac.com\/pl\/wp-json\/wp\/v2\/types\/page"}],"author":[{"embeddable":true,"href":"https:\/\/mingbac.com\/pl\/wp-json\/wp\/v2\/users\/1"}],"replies":[{"embeddable":true,"href":"https:\/\/mingbac.com\/pl\/wp-json\/wp\/v2\/comments?post=1235"}],"version-history":[{"count":13,"href":"https:\/\/mingbac.com\/pl\/wp-json\/wp\/v2\/pages\/1235\/revisions"}],"predecessor-version":[{"id":1255,"href":"https:\/\/mingbac.com\/pl\/wp-json\/wp\/v2\/pages\/1235\/revisions\/1255"}],"wp:attachment":[{"href":"https:\/\/mingbac.com\/pl\/wp-json\/wp\/v2\/media?parent=1235"}],"curies":[{"name":"wp","href":"https:\/\/api.w.org\/{rel}","templated":true}]}}